{"id":1000,"date":"2026-01-21T15:31:26","date_gmt":"2026-01-21T14:31:26","guid":{"rendered":"https:\/\/www.aarstedtli.ch\/?page_id=1000"},"modified":"2026-02-09T09:11:41","modified_gmt":"2026-02-09T08:11:41","slug":"sponsoring","status":"publish","type":"page","link":"https:\/\/www.aarstedtli.ch\/fr\/sponsoring\/","title":{"rendered":"Sponsoring"},"content":{"rendered":"<div data-elementor-type=\"wp-page\" data-elementor-id=\"1000\" class=\"elementor elementor-1000\" data-elementor-post-type=\"page\">\n\t\t\t\t<div class=\"elementor-element elementor-element-f17dacd e-con-full e-flex wcf-starter-animations-none e-con e-parent\" data-id=\"f17dacd\" data-element_type=\"container\" data-e-type=\"container\" data-settings=\"{&quot;background_background&quot;:&quot;classic&quot;,&quot;wcf_enable_cursor_hover_effect_text&quot;:&quot;View&quot;,&quot;wcf-animation&quot;:&quot;none&quot;,&quot;wcf_enable_pin_area&quot;:&quot;no&quot;,&quot;aae_enable_header_sticky_area&quot;:&quot;no&quot;,&quot;wcf_enable_horizontal_scroll&quot;:&quot;no&quot;}\">\n\t\t\t\t<div class=\"elementor-element elementor-element-b1760d7 wcf-t-animation-char wcf-starter-animations-none elementor-invisible elementor-widget elementor-widget-heading\" data-id=\"b1760d7\" data-element_type=\"widget\" data-e-type=\"widget\" data-settings=\"{&quot;_animation&quot;:&quot;fadeIn&quot;,&quot;wcf_text_animation&quot;:&quot;char&quot;,&quot;wcf_text_animation_editor&quot;:&quot;yes&quot;,&quot;wcf_starter_animations&quot;:&quot;none&quot;,&quot;wcf_anim_duration&quot;:1000,&quot;wcf_anim_delay&quot;:0,&quot;wcf_anim_ease&quot;:&quot;ease&quot;,&quot;aae_text_trigger&quot;:&quot;on_scroll&quot;,&quot;text_delay&quot;:0.1499999999999999944488848768742172978818416595458984375,&quot;text_duration&quot;:1,&quot;text_stagger&quot;:0.0200000000000000004163336342344337026588618755340576171875,&quot;text_translate_x&quot;:20,&quot;text_translate_y&quot;:0,&quot;wcf-animation&quot;:&quot;none&quot;}\" data-widget_type=\"heading.default\">\n\t\t\t\t\t<h1 class=\"elementor-heading-title elementor-size-default\">Partner:innen und Sponsoring<\/h1>\t\t\t\t<\/div>\n\t\t\t\t<\/div>\n\t\t<div class=\"elementor-element elementor-element-8c365d8 animated-fast e-flex e-con-boxed wcf-starter-animations-none elementor-invisible e-con e-parent\" data-id=\"8c365d8\" data-element_type=\"container\" data-e-type=\"container\" data-settings=\"{&quot;animation&quot;:&quot;fadeInUp&quot;,&quot;wcf_enable_cursor_hover_effect_text&quot;:&quot;View&quot;,&quot;wcf-animation&quot;:&quot;none&quot;,&quot;wcf_enable_pin_area&quot;:&quot;no&quot;,&quot;aae_enable_header_sticky_area&quot;:&quot;no&quot;,&quot;wcf_enable_horizontal_scroll&quot;:&quot;no&quot;}\">\n\t\t\t\t\t<div class=\"e-con-inner\">\n\t\t<div class=\"elementor-element elementor-element-414081c e-con-full e-flex wcf-starter-animations-none e-con e-child\" data-id=\"414081c\" data-element_type=\"container\" data-e-type=\"container\" data-settings=\"{&quot;wcf_enable_cursor_hover_effect_text&quot;:&quot;View&quot;,&quot;wcf-animation&quot;:&quot;none&quot;,&quot;wcf_enable_pin_area&quot;:&quot;no&quot;,&quot;aae_enable_header_sticky_area&quot;:&quot;no&quot;,&quot;wcf_enable_horizontal_scroll&quot;:&quot;no&quot;}\">\n\t\t\t\t<div class=\"elementor-element elementor-element-b7d5afa wcf-t-animation-word wcf-starter-animations-none elementor-invisible elementor-widget elementor-widget-heading\" data-id=\"b7d5afa\" data-element_type=\"widget\" data-e-type=\"widget\" data-settings=\"{&quot;_animation&quot;:&quot;fadeIn&quot;,&quot;wcf_text_animation&quot;:&quot;word&quot;,&quot;wcf_text_animation_editor&quot;:&quot;yes&quot;,&quot;text_duration&quot;:0.5,&quot;wcf_starter_animations&quot;:&quot;none&quot;,&quot;wcf_anim_duration&quot;:1000,&quot;wcf_anim_delay&quot;:0,&quot;wcf_anim_ease&quot;:&quot;ease&quot;,&quot;aae_text_trigger&quot;:&quot;on_scroll&quot;,&quot;text_delay&quot;:0.1499999999999999944488848768742172978818416595458984375,&quot;text_stagger&quot;:0.0200000000000000004163336342344337026588618755340576171875,&quot;text_translate_x&quot;:20,&quot;text_translate_y&quot;:0,&quot;wcf-animation&quot;:&quot;none&quot;}\" data-widget_type=\"heading.default\">\n\t\t\t\t\t<h5 class=\"elementor-heading-title elementor-size-default\">Die PUCE Aarberg ist mehr als ein Markt. Sie ist ein Treffpunkt, ein Erlebnis und ein\nfester Bestandteil des St\u00e4dtlis. Seit Jahrzehnten bringt sie Brocante, Antiquit\u00e4ten\nund Menschen zusammen und bleibt dabei lebendig und relevant.<\/h5>\t\t\t\t<\/div>\n\t\t\t\t<div class=\"elementor-element elementor-element-672ad79 wcf-t-animation-word animated-fast wcf-starter-animations-none elementor-invisible elementor-widget elementor-widget-text-editor\" data-id=\"672ad79\" data-element_type=\"widget\" data-e-type=\"widget\" data-settings=\"{&quot;_animation&quot;:&quot;fadeInUp&quot;,&quot;wcf_text_animation&quot;:&quot;word&quot;,&quot;wcf_text_animation_editor&quot;:&quot;yes&quot;,&quot;wcf_starter_animations&quot;:&quot;none&quot;,&quot;wcf_anim_duration&quot;:1000,&quot;wcf_anim_delay&quot;:0,&quot;wcf_anim_ease&quot;:&quot;ease&quot;,&quot;aae_text_trigger&quot;:&quot;on_scroll&quot;,&quot;text_delay&quot;:0.1499999999999999944488848768742172978818416595458984375,&quot;text_duration&quot;:1,&quot;text_stagger&quot;:0.0200000000000000004163336342344337026588618755340576171875,&quot;text_translate_x&quot;:20,&quot;text_translate_y&quot;:0,&quot;wcf-animation&quot;:&quot;none&quot;}\" data-widget_type=\"text-editor.default\">\n\t\t\t\t\t\t\t\t\tIm Zentrum der PUCE stehen auch 2026 hochwertige Antiquit\u00e4ten und sorgf\u00e4ltig\nkuratierte Brocante St\u00e4nde. Neu wird das Markterlebnis punktuell durch kleine Live\nJazz Formationen erg\u00e4nzt. Dezent, akustisch und abgestimmt auf das\nMarktgeschehen. Kein Festival, keine grosse B\u00fchne, sondern Musik, die\nAtmosph\u00e4re schafft und zum Verweilen einl\u00e4dt.\nDie PUCE Aarberg wird ehrenamtlich organisiert und mit viel\nEngagement weiterentwickelt. Um Qualit\u00e4t, Struktur und\nAufenthaltsqualit\u00e4t langfristig zu sichern, arbeiten wir mit\nPartnerinnen und Partnern zusammen, die regional verankert\nsind und Werte wie Kultur, Begegnung und Authentizit\u00e4t teilen.\t\t\t\t\t\t\t\t<\/div>\n\t\t\t\t<\/div>\n\t\t<div class=\"elementor-element elementor-element-73ae736 e-con-full e-flex wcf-starter-animations-none e-con e-child\" data-id=\"73ae736\" data-element_type=\"container\" data-e-type=\"container\" data-settings=\"{&quot;wcf_enable_cursor_hover_effect_text&quot;:&quot;View&quot;,&quot;wcf-animation&quot;:&quot;none&quot;,&quot;wcf_enable_pin_area&quot;:&quot;no&quot;,&quot;aae_enable_header_sticky_area&quot;:&quot;no&quot;,&quot;wcf_enable_horizontal_scroll&quot;:&quot;no&quot;}\">\n\t\t\t\t<div class=\"elementor-element elementor-element-90bb77c elementor-widget elementor-widget-wcf--button\" data-id=\"90bb77c\" data-element_type=\"widget\" data-e-type=\"widget\" data-settings=\"{&quot;wcf-animation&quot;:&quot;none&quot;}\" data-widget_type=\"wcf--button.default\">\n\t\t\t\t<div class=\"elementor-widget-container\">\n\t\t\t\t\t\t\t<div class=\"wcf__btn\">\r\n\t\t\t\t\t\t<div class=\"btn-wrapper\">\r\n\t\t\t\t\t\t\t\t<a href=\"\/wp-content\/uploads\/Sponsoring-Aarberger-Puce-2026_rundum_studio.pdf\" target=\"_blank\" class=\"wcf-btn-circle btn-item btn-hover-bgchange\">\r\n\t\t\t\t\t\t\t\t\t\tSponsoring Dossier PDF\t\t\t\t<\/a>\r\n\t\t\t\t\t\t\t<\/div>\r\n\t\t\t\t<\/div>\r\n\t\t\t\t\t\t<\/div>\n\t\t\t\t<\/div>\n\t\t\t\t<\/div>\n\t\t\t\t\t<\/div>\n\t\t\t\t<\/div>\n\t\t\t\t<\/div>","protected":false},"excerpt":{"rendered":"<p>Partner:innen und Sponsoring Die PUCE Aarberg ist mehr als ein Markt. Sie ist ein Treffpunkt, ein Erlebnis und ein fester Bestandteil des St\u00e4dtlis. Seit Jahrzehnten bringt sie Brocante, Antiquit\u00e4ten und Menschen zusammen und bleibt dabei lebendig und relevant. Im Zentrum der PUCE stehen auch 2026 hochwertige Antiquit\u00e4ten und sorgf\u00e4ltig kuratierte Brocante St\u00e4nde. Neu wird das [&hellip;]<\/p>\n","protected":false},"author":1,"featured_media":0,"parent":0,"menu_order":0,"comment_status":"closed","ping_status":"closed","template":"elementor_header_footer","meta":{"footnotes":""},"class_list":["post-1000","page","type-page","status-publish","hentry"],"_links":{"self":[{"href":"https:\/\/www.aarstedtli.ch\/fr\/wp-json\/wp\/v2\/pages\/1000","targetHints":{"allow":["GET"]}}],"collection":[{"href":"https:\/\/www.aarstedtli.ch\/fr\/wp-json\/wp\/v2\/pages"}],"about":[{"href":"https:\/\/www.aarstedtli.ch\/fr\/wp-json\/wp\/v2\/types\/page"}],"author":[{"embeddable":true,"href":"https:\/\/www.aarstedtli.ch\/fr\/wp-json\/wp\/v2\/users\/1"}],"replies":[{"embeddable":true,"href":"https:\/\/www.aarstedtli.ch\/fr\/wp-json\/wp\/v2\/comments?post=1000"}],"version-history":[{"count":19,"href":"https:\/\/www.aarstedtli.ch\/fr\/wp-json\/wp\/v2\/pages\/1000\/revisions"}],"predecessor-version":[{"id":1256,"href":"https:\/\/www.aarstedtli.ch\/fr\/wp-json\/wp\/v2\/pages\/1000\/revisions\/1256"}],"wp:attachment":[{"href":"https:\/\/www.aarstedtli.ch\/fr\/wp-json\/wp\/v2\/media?parent=1000"}],"curies":[{"name":"wp","href":"https:\/\/api.w.org\/{rel}","templated":true}]}}